{"id":2,"date":"2018-10-16T16:07:06","date_gmt":"2018-10-16T19:07:06","guid":{"rendered":"http:\/\/www.agitah.com\/novo\/?page_id=2"},"modified":"2018-10-22T16:34:41","modified_gmt":"2018-10-22T18:34:41","slug":"quem-somos","status":"publish","type":"page","link":"https:\/\/www.agitah.com\/novo\/quem-somos\/","title":{"rendered":"Quem Somos"},"content":{"rendered":"<p>O Site Agitah surgiu com o intuito de ser refer\u00eancia na \u00e1rea de divulga\u00e7\u00e3o de eventos, divulga\u00e7\u00e3o de empresas, neg\u00f3cios, moda, sa\u00fade, educa\u00e7\u00e3o, e entretenimento.<\/p>\n<p>Temos uma equipe qualificada e comprometida em superar as expectativas dos nossos clientes. Buscando sempre estar atualizado com as tend\u00eancias do mercado em diversas \u00e1reas.<\/p>\n<p>Atuamos com seriedade, transpar\u00eancia e, sobretudo respeito.<\/p>\n<p>Prezamos sempre pela qualidade do atendimento, e estamos sempre dispostos a satisfazer a necessidade de nossos clientes.<\/p>\n<p>&nbsp;<\/p>\n<p>Agitah<\/p>\n<p>Seu Site Social<\/p>\n","protected":false},"excerpt":{"rendered":"<p>O Site Agitah surgiu com o intuito de ser refer\u00eancia na \u00e1rea de divulga\u00e7\u00e3o de eventos, divulga\u00e7\u00e3o de empresas, neg\u00f3cios, moda, sa\u00fade, educa\u00e7\u00e3o, e entretenimento. Temos uma equipe qualificada e comprometida em superar as expectativas dos nossos clientes. Buscando sempre &hellip;<\/p>\n","protected":false},"author":1,"featured_media":0,"parent":0,"menu_order":0,"comment_status":"closed","ping_status":"closed","template":"","meta":{"footnotes":""},"class_list":["post-2","page","type-page","status-publish","hentry"],"_links":{"self":[{"href":"https:\/\/www.agitah.com\/novo\/wp-json\/wp\/v2\/pages\/2","targetHints":{"allow":["GET"]}}],"collection":[{"href":"https:\/\/www.agitah.com\/novo\/wp-json\/wp\/v2\/pages"}],"about":[{"href":"https:\/\/www.agitah.com\/novo\/wp-json\/wp\/v2\/types\/page"}],"author":[{"embeddable":true,"href":"https:\/\/www.agitah.com\/novo\/wp-json\/wp\/v2\/users\/1"}],"replies":[{"embeddable":true,"href":"https:\/\/www.agitah.com\/novo\/wp-json\/wp\/v2\/comments?post=2"}],"version-history":[{"count":2,"href":"https:\/\/www.agitah.com\/novo\/wp-json\/wp\/v2\/pages\/2\/revisions"}],"predecessor-version":[{"id":3293,"href":"https:\/\/www.agitah.com\/novo\/wp-json\/wp\/v2\/pages\/2\/revisions\/3293"}],"wp:attachment":[{"href":"https:\/\/www.agitah.com\/novo\/wp-json\/wp\/v2\/media?parent=2"}],"curies":[{"name":"wp","href":"https:\/\/api.w.org\/{rel}","templated":true}]}}